{"id":43160,"date":"2025-12-16T15:28:32","date_gmt":"2025-12-16T14:28:32","guid":{"rendered":"https:\/\/www.sics.it\/?page_id=43160"},"modified":"2026-01-27T08:26:29","modified_gmt":"2026-01-27T07:26:29","slug":"offerte-di-lavoro","status":"publish","type":"page","link":"https:\/\/www.sics.it\/en\/offerte-di-lavoro\/","title":{"rendered":"Offerte di lavoro"},"content":{"rendered":"<div data-elementor-type=\"wp-post\" data-elementor-id=\"43160\" class=\"elementor elementor-43160\">\n\t\t\t\t\t\t\t\t\t<section class=\"elementor-section elementor-top-section elementor-element elementor-element-a1b8a8e elementor-section-boxed elementor-section-height-default elementor-section-height-default\" data-id=\"a1b8a8e\" data-element_type=\"section\">\n\t\t\t\t\t\t<div class=\"elementor-container elementor-column-gap-default\">\n\t\t\t\t\t<div class=\"elementor-column elementor-col-100 elementor-top-column elementor-element elementor-element-6960540\" data-id=\"6960540\" data-element_type=\"column\">\n\t\t\t<div class=\"elementor-widget-wrap elementor-element-populated\">\n\t\t\t\t\t\t\t\t<div class=\"elementor-element elementor-element-37d451f elementor-widget-divider--view-line elementor-widget elementor-widget-divider\" data-id=\"37d451f\" data-element_type=\"widget\" data-widget_type=\"divider.default\">\n\t\t\t\t<div class=\"elementor-widget-container\">\n\t\t\t\t\t<div class=\"elementor-divider\">\n\t\t\t<span class=\"elementor-divider-separator\">\n\t\t\t\t\t\t<\/span>\n\t\t<\/div>\n\t\t\t\t<\/div>\n\t\t\t\t<\/div>\n\t\t\t\t<div class=\"elementor-element elementor-element-4584bdc elementor-widget-divider--view-line elementor-widget elementor-widget-divider\" data-id=\"4584bdc\" data-element_type=\"widget\" data-widget_type=\"divider.default\">\n\t\t\t\t<div class=\"elementor-widget-container\">\n\t\t\t\t\t<div class=\"elementor-divider\">\n\t\t\t<span class=\"elementor-divider-separator\">\n\t\t\t\t\t\t<\/span>\n\t\t<\/div>\n\t\t\t\t<\/div>\n\t\t\t\t<\/div>\n\t\t\t\t\t<\/div>\n\t\t<\/div>\n\t\t\t\t\t\t\t<\/div>\n\t\t<\/section>\n\t\t\t\t<section class=\"elementor-section elementor-top-section elementor-element elementor-element-13cd23e elementor-section-boxed elementor-section-height-default elementor-section-height-default\" data-id=\"13cd23e\" data-element_type=\"section\">\n\t\t\t\t\t\t<div class=\"elementor-container elementor-column-gap-default\">\n\t\t\t\t\t<div class=\"elementor-column elementor-col-100 elementor-top-column elementor-element elementor-element-8f3fe3e\" data-id=\"8f3fe3e\" data-element_type=\"column\">\n\t\t\t<div class=\"elementor-widget-wrap elementor-element-populated\">\n\t\t\t\t\t\t\t\t<div class=\"elementor-element elementor-element-54380e3 elementor-widget elementor-widget-image\" data-id=\"54380e3\" data-element_type=\"widget\" data-widget_type=\"image.default\">\n\t\t\t\t<div class=\"elementor-widget-container\">\n\t\t\t\t\t\t\t\t\t\t\t\t\t\t\t<img fetchpriority=\"high\" width=\"1024\" height=\"404\" src=\"https:\/\/www.sics.it\/wp-content\/uploads\/2025\/12\/Offerte-di-lavoro-2048-x-808-px-1024x404.png\" class=\"attachment-large size-large wp-image-43162\" alt=\"Offerte di lavoro\" srcset=\"https:\/\/www.sics.it\/wp-content\/uploads\/2025\/12\/Offerte-di-lavoro-2048-x-808-px-1024x404.png 1024w, https:\/\/www.sics.it\/wp-content\/uploads\/2025\/12\/Offerte-di-lavoro-2048-x-808-px-300x118.png 300w, https:\/\/www.sics.it\/wp-content\/uploads\/2025\/12\/Offerte-di-lavoro-2048-x-808-px-768x303.png 768w, https:\/\/www.sics.it\/wp-content\/uploads\/2025\/12\/Offerte-di-lavoro-2048-x-808-px-1536x606.png 1536w, https:\/\/www.sics.it\/wp-content\/uploads\/2025\/12\/Offerte-di-lavoro-2048-x-808-px-18x7.png 18w, https:\/\/www.sics.it\/wp-content\/uploads\/2025\/12\/Offerte-di-lavoro-2048-x-808-px-1200x473.png 1200w, https:\/\/www.sics.it\/wp-content\/uploads\/2025\/12\/Offerte-di-lavoro-2048-x-808-px-600x237.png 600w, https:\/\/www.sics.it\/wp-content\/uploads\/2025\/12\/Offerte-di-lavoro-2048-x-808-px.png 2048w\" sizes=\"(max-width: 1024px) 100vw, 1024px\" \/>\t\t\t\t\t\t\t\t\t\t\t\t\t\t\t<\/div>\n\t\t\t\t<\/div>\n\t\t\t\t\t<\/div>\n\t\t<\/div>\n\t\t\t\t\t\t\t<\/div>\n\t\t<\/section>\n\t\t\t\t<section class=\"elementor-section elementor-top-section elementor-element elementor-element-6262c30 elementor-section-boxed elementor-section-height-default elementor-section-height-default\" data-id=\"6262c30\" data-element_type=\"section\">\n\t\t\t\t\t\t<div class=\"elementor-container elementor-column-gap-default\">\n\t\t\t\t\t<div class=\"elementor-column elementor-col-100 elementor-top-column elementor-element elementor-element-d9b9c37\" data-id=\"d9b9c37\" data-element_type=\"column\">\n\t\t\t<div class=\"elementor-widget-wrap elementor-element-populated\">\n\t\t\t\t\t\t\t\t<div class=\"elementor-element elementor-element-2de48da elementor-widget elementor-widget-text-editor\" data-id=\"2de48da\" data-element_type=\"widget\" data-widget_type=\"text-editor.default\">\n\t\t\t\t<div class=\"elementor-widget-container\">\n\t\t\t\t\t\t\t<p><span style=\"font-family: Arial, sans-serif;\"><span style=\"white-space-collapse: preserve;\"><b>OFFERTE DI LAVORO: qui puoi trovare le richieste delle societ\u00e0 che cercano Match Analyst, Data Analyst e Osservatori Calcistici<\/b><\/span><\/span><\/p>\t\t\t\t\t\t<\/div>\n\t\t\t\t<\/div>\n\t\t\t\t\t<\/div>\n\t\t<\/div>\n\t\t\t\t\t\t\t<\/div>\n\t\t<\/section>\n\t\t\t\t<section class=\"elementor-section elementor-top-section elementor-element elementor-element-b6ff38e elementor-section-boxed elementor-section-height-default elementor-section-height-default\" data-id=\"b6ff38e\" data-element_type=\"section\">\n\t\t\t\t\t\t<div class=\"elementor-container elementor-column-gap-default\">\n\t\t\t\t\t<div class=\"elementor-column elementor-col-100 elementor-top-column elementor-element elementor-element-45c5b18\" data-id=\"45c5b18\" data-element_type=\"column\">\n\t\t\t<div class=\"elementor-widget-wrap elementor-element-populated\">\n\t\t\t\t\t\t\t\t<div class=\"elementor-element elementor-element-45ba676 elementor-widget elementor-widget-text-editor\" data-id=\"45ba676\" data-element_type=\"widget\" data-widget_type=\"text-editor.default\">\n\t\t\t\t<div class=\"elementor-widget-container\">\n\t\t\t\t\t\t\t<p><span style=\"background-color: transparent; font-size: 12pt; font-family: Arial, sans-serif; font-weight: bold; font-variant-numeric: normal; font-variant-east-asian: normal; font-variant-alternates: normal; font-variant-position: normal; font-variant-emoji: normal; vertical-align: baseline; white-space-collapse: preserve;\">SICS <\/span><span style=\"background-color: transparent; font-size: 12pt; font-family: Arial, sans-serif; font-variant-numeric: normal; font-variant-east-asian: normal; font-variant-alternates: normal; font-variant-position: normal; font-variant-emoji: normal; vertical-align: baseline; white-space-collapse: preserve;\">mette a disposizione dei suoi ex corsisti questo spazio per dare visibilit\u00e0 alle richieste dei nostri partner, dando cos\u00ec la possibilit\u00e0 ai nostri di ex corsisti di candidarsi qualora ritengano la proposta coerente con il loro percorso e le loro capacit\u00e0.<\/span><\/p>\t\t\t\t\t\t<\/div>\n\t\t\t\t<\/div>\n\t\t\t\t<div class=\"elementor-element elementor-element-94ca312 elementor-widget-divider--view-line elementor-widget elementor-widget-divider\" data-id=\"94ca312\" data-element_type=\"widget\" data-widget_type=\"divider.default\">\n\t\t\t\t<div class=\"elementor-widget-container\">\n\t\t\t\t\t<div class=\"elementor-divider\">\n\t\t\t<span class=\"elementor-divider-separator\">\n\t\t\t\t\t\t<\/span>\n\t\t<\/div>\n\t\t\t\t<\/div>\n\t\t\t\t<\/div>\n\t\t\t\t\t<\/div>\n\t\t<\/div>\n\t\t\t\t\t\t\t<\/div>\n\t\t<\/section>\n\t\t\t\t<section class=\"elementor-section elementor-top-section elementor-element elementor-element-d42a36a elementor-section-boxed elementor-section-height-default elementor-section-height-default\" data-id=\"d42a36a\" data-element_type=\"section\">\n\t\t\t\t\t\t<div class=\"elementor-container elementor-column-gap-default\">\n\t\t\t\t\t<div class=\"elementor-column elementor-col-100 elementor-top-column elementor-element elementor-element-568da5d\" data-id=\"568da5d\" data-element_type=\"column\">\n\t\t\t<div class=\"elementor-widget-wrap elementor-element-populated\">\n\t\t\t\t\t\t\t\t<div class=\"elementor-element elementor-element-6e3eeea elementor-widget elementor-widget-text-editor\" data-id=\"6e3eeea\" data-element_type=\"widget\" data-widget_type=\"text-editor.default\">\n\t\t\t\t<div class=\"elementor-widget-container\">\n\t\t\t\t\t\t\t<h5><strong>N.B.<\/strong><\/h5><p>Viene data la possibilit\u00e0 di candidarsi anche a chi non ha frequentato corsi SICS, tenendo presente che i nostri corsisti avranno la precedenza su tutte le ricerche presenti in questa pagina.<\/p>\t\t\t\t\t\t<\/div>\n\t\t\t\t<\/div>\n\t\t\t\t\t<\/div>\n\t\t<\/div>\n\t\t\t\t\t\t\t<\/div>\n\t\t<\/section>\n\t\t\t\t<section class=\"elementor-section elementor-top-section elementor-element elementor-element-477c135 elementor-section-boxed elementor-section-height-default elementor-section-height-default\" data-id=\"477c135\" data-element_type=\"section\" data-settings=\"{&quot;background_background&quot;:&quot;classic&quot;}\">\n\t\t\t\t\t\t<div class=\"elementor-container elementor-column-gap-default\">\n\t\t\t\t\t<div class=\"elementor-column elementor-col-100 elementor-top-column elementor-element elementor-element-861151c\" data-id=\"861151c\" data-element_type=\"column\">\n\t\t\t<div class=\"elementor-widget-wrap elementor-element-populated\">\n\t\t\t\t\t\t\t\t<section class=\"elementor-section elementor-inner-section elementor-element elementor-element-fdc1c47 elementor-section-boxed elementor-section-height-default elementor-section-height-default\" data-id=\"fdc1c47\" data-element_type=\"section\" data-settings=\"{&quot;background_background&quot;:&quot;classic&quot;}\">\n\t\t\t\t\t\t<div class=\"elementor-container elementor-column-gap-default\">\n\t\t\t\t\t<div class=\"elementor-column elementor-col-50 elementor-inner-column elementor-element elementor-element-7bad2c0\" data-id=\"7bad2c0\" data-element_type=\"column\">\n\t\t\t<div class=\"elementor-widget-wrap elementor-element-populated\">\n\t\t\t\t\t\t\t\t<div class=\"elementor-element elementor-element-c44e388 elementor-widget elementor-widget-text-editor\" data-id=\"c44e388\" data-element_type=\"widget\" data-widget_type=\"text-editor.default\">\n\t\t\t\t<div class=\"elementor-widget-container\">\n\t\t\t\t\t\t\t<h5 style=\"margin-bottom: 0px;\">Match Analyst Squadra di Serie B, Lituania&nbsp; &nbsp; &nbsp; &nbsp; &nbsp; &nbsp; &nbsp; &nbsp; &nbsp; &nbsp; &nbsp; &nbsp; &nbsp; &nbsp; &nbsp; &nbsp; &nbsp; &nbsp; &nbsp; &nbsp; &nbsp; &nbsp; &nbsp; &nbsp; &nbsp; &nbsp; &nbsp; 18\/12\/2025<\/h5>\n<p>Al candidato \u00e8 richiesta la disponibilit\u00e0 a trasferirsi nella sede di lavoro, situata nella citt\u00e0 di Kaunas. Viene offerto alloggio oltre a retribuzione da discutere nel colloquio con la societ\u00e0<\/p>\t\t\t\t\t\t<\/div>\n\t\t\t\t<\/div>\n\t\t\t\t\t<\/div>\n\t\t<\/div>\n\t\t\t\t<div class=\"elementor-column elementor-col-50 elementor-inner-column elementor-element elementor-element-c9158ae\" data-id=\"c9158ae\" data-element_type=\"column\">\n\t\t\t<div class=\"elementor-widget-wrap elementor-element-populated\">\n\t\t\t\t\t\t\t\t<div class=\"elementor-element elementor-element-20376a5 elementor-align-center elementor-hidden-desktop elementor-hidden-tablet elementor-hidden-mobile elementor-widget elementor-widget-button\" data-id=\"20376a5\" data-element_type=\"widget\" data-widget_type=\"button.default\">\n\t\t\t\t<div class=\"elementor-widget-container\">\n\t\t\t\t\t<div class=\"elementor-button-wrapper\">\n\t\t\t<a class=\"elementor-button elementor-button-link elementor-size-md\" href=\"https:\/\/docs.google.com\/forms\/d\/e\/1FAIpQLSc-lFW9Fn-jUXXs0mRM2i6j7VhdApvJrwAyy12TtHU2SSq7_w\/viewform?usp=sharing&#038;ouid=101528399892517105764\">\n\t\t\t\t\t\t<span class=\"elementor-button-content-wrapper\">\n\t\t\t\t\t\t<span class=\"elementor-button-text\">SELEZIONE CHIUSA<\/span>\n\t\t<\/span>\n\t\t\t\t\t<\/a>\n\t\t<\/div>\n\t\t\t\t<\/div>\n\t\t\t\t<\/div>\n\t\t\t\t\t<\/div>\n\t\t<\/div>\n\t\t\t\t\t\t\t<\/div>\n\t\t<\/section>\n\t\t\t\t\t<\/div>\n\t\t<\/div>\n\t\t\t\t\t\t\t<\/div>\n\t\t<\/section>\n\t\t\t\t\t\t\t<\/div>","protected":false},"excerpt":{"rendered":"<p>OFFERTE DI LAVORO: qui puoi trovare le richieste delle societ\u00e0 che cercano Match Analyst, Data Analyst e Osservatori Calcistici SICS mette a disposizione dei suoi ex corsisti questo spazio per dare visibilit\u00e0 alle richieste dei nostri partner, dando cos\u00ec la possibilit\u00e0 ai nostri di ex corsisti di candidarsi qualora ritengano la proposta coerente con il [&hellip;]<\/p>","protected":false},"author":3,"featured_media":0,"parent":0,"menu_order":0,"comment_status":"closed","ping_status":"closed","template":"","meta":{"_starter_page_template":"","_wpcom_template_layout_category":[]},"yoast_head":"<!-- This site is optimized with the Yoast SEO plugin v19.7.1 - https:\/\/yoast.com\/wordpress\/plugins\/seo\/ -->\n<title>Offerte di lavoro - Sics<\/title>\n<meta name=\"description\" content=\"Qui puoi trovare tutte le offerte di lavoro delle societ\u00e0 per la figura di Match Analysi, Data Analuyst e Osservatore Calcistico\" \/>\n<meta name=\"robots\" content=\"index, follow, max-snippet:-1, max-image-preview:large, max-video-preview:-1\" \/>\n<link rel=\"canonical\" href=\"https:\/\/www.sics.it\/en\/offerte-di-lavoro\/\" \/>\n<meta property=\"og:locale\" content=\"en_US\" \/>\n<meta property=\"og:type\" content=\"article\" \/>\n<meta property=\"og:title\" content=\"Offerte di lavoro - Sics\" \/>\n<meta property=\"og:description\" content=\"Qui puoi trovare tutte le offerte di lavoro delle societ\u00e0 per la figura di Match Analysi, Data Analuyst e Osservatore Calcistico\" \/>\n<meta property=\"og:url\" content=\"https:\/\/www.sics.it\/en\/offerte-di-lavoro\/\" \/>\n<meta property=\"og:site_name\" content=\"Sics\" \/>\n<meta property=\"article:modified_time\" content=\"2026-01-27T07:26:29+00:00\" \/>\n<meta property=\"og:image\" content=\"https:\/\/www.sics.it\/wp-content\/uploads\/2025\/12\/Offerte-di-lavoro-2048-x-808-px-1024x404.png\" \/>\n<meta name=\"twitter:card\" content=\"summary_large_image\" \/>\n<meta name=\"twitter:label1\" content=\"Est. reading time\" \/>\n\t<meta name=\"twitter:data1\" content=\"1 minute\" \/>\n<script type=\"application\/ld+json\" class=\"yoast-schema-graph\">{\"@context\":\"https:\/\/schema.org\",\"@graph\":[{\"@type\":\"WebPage\",\"@id\":\"https:\/\/www.sics.it\/offerte-di-lavoro\/\",\"url\":\"https:\/\/www.sics.it\/offerte-di-lavoro\/\",\"name\":\"Offerte di lavoro - Sics\",\"isPartOf\":{\"@id\":\"https:\/\/www.sics.it\/en\/#website\"},\"datePublished\":\"2025-12-16T14:28:32+00:00\",\"dateModified\":\"2026-01-27T07:26:29+00:00\",\"description\":\"Qui puoi trovare tutte le offerte di lavoro delle societ\u00e0 per la figura di Match Analysi, Data Analuyst e Osservatore Calcistico\",\"breadcrumb\":{\"@id\":\"https:\/\/www.sics.it\/offerte-di-lavoro\/#breadcrumb\"},\"inLanguage\":\"en-US\",\"potentialAction\":[{\"@type\":\"ReadAction\",\"target\":[\"https:\/\/www.sics.it\/offerte-di-lavoro\/\"]}]},{\"@type\":\"BreadcrumbList\",\"@id\":\"https:\/\/www.sics.it\/offerte-di-lavoro\/#breadcrumb\",\"itemListElement\":[{\"@type\":\"ListItem\",\"position\":1,\"name\":\"Home\",\"item\":\"https:\/\/www.sics.it\/\"},{\"@type\":\"ListItem\",\"position\":2,\"name\":\"Offerte di lavoro\"}]},{\"@type\":\"WebSite\",\"@id\":\"https:\/\/www.sics.it\/en\/#website\",\"url\":\"https:\/\/www.sics.it\/en\/\",\"name\":\"Sics\",\"description\":\"Match Analysis, Planning and Monitoring\",\"publisher\":{\"@id\":\"https:\/\/www.sics.it\/en\/#organization\"},\"potentialAction\":[{\"@type\":\"SearchAction\",\"target\":{\"@type\":\"EntryPoint\",\"urlTemplate\":\"https:\/\/www.sics.it\/en\/?s={search_term_string}\"},\"query-input\":\"required name=search_term_string\"}],\"inLanguage\":\"en-US\"},{\"@type\":\"Organization\",\"@id\":\"https:\/\/www.sics.it\/en\/#organization\",\"name\":\"Sics - Match Analysis, Training Control, Performance Monitoring & Measurement\",\"url\":\"https:\/\/www.sics.it\/en\/\",\"sameAs\":[],\"logo\":{\"@type\":\"ImageObject\",\"inLanguage\":\"en-US\",\"@id\":\"https:\/\/www.sics.it\/en\/#\/schema\/logo\/image\/\",\"url\":\"https:\/\/www.sics.it\/wp-content\/uploads\/2019\/11\/sics-logo-03.png\",\"contentUrl\":\"https:\/\/www.sics.it\/wp-content\/uploads\/2019\/11\/sics-logo-03.png\",\"width\":4724,\"height\":1181,\"caption\":\"Sics - Match Analysis, Training Control, Performance Monitoring & Measurement\"},\"image\":{\"@id\":\"https:\/\/www.sics.it\/en\/#\/schema\/logo\/image\/\"}}]}<\/script>\n<!-- \/ Yoast SEO plugin. -->","yoast_head_json":{"title":"Offerte di lavoro - Sics","description":"Qui puoi trovare tutte le offerte di lavoro delle societ\u00e0 per la figura di Match Analysi, Data Analuyst e Osservatore Calcistico","robots":{"index":"index","follow":"follow","max-snippet":"max-snippet:-1","max-image-preview":"max-image-preview:large","max-video-preview":"max-video-preview:-1"},"canonical":"https:\/\/www.sics.it\/en\/offerte-di-lavoro\/","og_locale":"en_US","og_type":"article","og_title":"Offerte di lavoro - Sics","og_description":"Qui puoi trovare tutte le offerte di lavoro delle societ\u00e0 per la figura di Match Analysi, Data Analuyst e Osservatore Calcistico","og_url":"https:\/\/www.sics.it\/en\/offerte-di-lavoro\/","og_site_name":"Sics","article_modified_time":"2026-01-27T07:26:29+00:00","og_image":[{"url":"https:\/\/www.sics.it\/wp-content\/uploads\/2025\/12\/Offerte-di-lavoro-2048-x-808-px-1024x404.png"}],"twitter_card":"summary_large_image","twitter_misc":{"Est. reading time":"1 minute"},"schema":{"@context":"https:\/\/schema.org","@graph":[{"@type":"WebPage","@id":"https:\/\/www.sics.it\/offerte-di-lavoro\/","url":"https:\/\/www.sics.it\/offerte-di-lavoro\/","name":"Offerte di lavoro - Sics","isPartOf":{"@id":"https:\/\/www.sics.it\/en\/#website"},"datePublished":"2025-12-16T14:28:32+00:00","dateModified":"2026-01-27T07:26:29+00:00","description":"Qui puoi trovare tutte le offerte di lavoro delle societ\u00e0 per la figura di Match Analysi, Data Analuyst e Osservatore Calcistico","breadcrumb":{"@id":"https:\/\/www.sics.it\/offerte-di-lavoro\/#breadcrumb"},"inLanguage":"en-US","potentialAction":[{"@type":"ReadAction","target":["https:\/\/www.sics.it\/offerte-di-lavoro\/"]}]},{"@type":"BreadcrumbList","@id":"https:\/\/www.sics.it\/offerte-di-lavoro\/#breadcrumb","itemListElement":[{"@type":"ListItem","position":1,"name":"Home","item":"https:\/\/www.sics.it\/"},{"@type":"ListItem","position":2,"name":"Offerte di lavoro"}]},{"@type":"WebSite","@id":"https:\/\/www.sics.it\/en\/#website","url":"https:\/\/www.sics.it\/en\/","name":"Sics","description":"Match Analysis, Planning and Monitoring","publisher":{"@id":"https:\/\/www.sics.it\/en\/#organization"},"potentialAction":[{"@type":"SearchAction","target":{"@type":"EntryPoint","urlTemplate":"https:\/\/www.sics.it\/en\/?s={search_term_string}"},"query-input":"required name=search_term_string"}],"inLanguage":"en-US"},{"@type":"Organization","@id":"https:\/\/www.sics.it\/en\/#organization","name":"Sics - Match Analysis, Training Control, Performance Monitoring & Measurement","url":"https:\/\/www.sics.it\/en\/","sameAs":[],"logo":{"@type":"ImageObject","inLanguage":"en-US","@id":"https:\/\/www.sics.it\/en\/#\/schema\/logo\/image\/","url":"https:\/\/www.sics.it\/wp-content\/uploads\/2019\/11\/sics-logo-03.png","contentUrl":"https:\/\/www.sics.it\/wp-content\/uploads\/2019\/11\/sics-logo-03.png","width":4724,"height":1181,"caption":"Sics - Match Analysis, Training Control, Performance Monitoring & Measurement"},"image":{"@id":"https:\/\/www.sics.it\/en\/#\/schema\/logo\/image\/"}}]}},"_links":{"self":[{"href":"https:\/\/www.sics.it\/en\/wp-json\/wp\/v2\/pages\/43160"}],"collection":[{"href":"https:\/\/www.sics.it\/en\/wp-json\/wp\/v2\/pages"}],"about":[{"href":"https:\/\/www.sics.it\/en\/wp-json\/wp\/v2\/types\/page"}],"author":[{"embeddable":true,"href":"https:\/\/www.sics.it\/en\/wp-json\/wp\/v2\/users\/3"}],"replies":[{"embeddable":true,"href":"https:\/\/www.sics.it\/en\/wp-json\/wp\/v2\/comments?post=43160"}],"version-history":[{"count":16,"href":"https:\/\/www.sics.it\/en\/wp-json\/wp\/v2\/pages\/43160\/revisions"}],"predecessor-version":[{"id":43560,"href":"https:\/\/www.sics.it\/en\/wp-json\/wp\/v2\/pages\/43160\/revisions\/43560"}],"wp:attachment":[{"href":"https:\/\/www.sics.it\/en\/wp-json\/wp\/v2\/media?parent=43160"}],"curies":[{"name":"wp","href":"https:\/\/api.w.org\/{rel}","templated":true}]}}